{"id":1007,"date":"2021-10-11T05:03:43","date_gmt":"2021-10-11T05:03:43","guid":{"rendered":"http:\/\/lasercitymexico.com\/?page_id=1007"},"modified":"2022-03-01T17:48:25","modified_gmt":"2022-03-01T23:48:25","slug":"home","status":"publish","type":"page","link":"https:\/\/lasercitymexico.com\/","title":{"rendered":"Home"},"content":{"rendered":"\n<figure class=\"wp-block-image size-large is-resized\"><img loading=\"lazy\" decoding=\"async\" src=\"https:\/\/lasercitymexico.com\/wp-content\/uploads\/2022\/02\/Logo-Laser-City-ok-1024x350.png\" alt=\"\" class=\"wp-image-1216\" width=\"859\" height=\"294\" srcset=\"https:\/\/lasercitymexico.com\/wp-content\/uploads\/2022\/02\/Logo-Laser-City-ok-1024x350.png 1024w, https:\/\/lasercitymexico.com\/wp-content\/uploads\/2022\/02\/Logo-Laser-City-ok-600x205.png 600w, https:\/\/lasercitymexico.com\/wp-content\/uploads\/2022\/02\/Logo-Laser-City-ok-300x103.png 300w, https:\/\/lasercitymexico.com\/wp-content\/uploads\/2022\/02\/Logo-Laser-City-ok-768x262.png 768w, https:\/\/lasercitymexico.com\/wp-content\/uploads\/2022\/02\/Logo-Laser-City-ok-1536x525.png 1536w, https:\/\/lasercitymexico.com\/wp-content\/uploads\/2022\/02\/Logo-Laser-City-ok.png 1712w\" sizes=\"auto, (max-width: 859px) 100vw, 859px\" \/><\/figure>\n\n\n\n<div class=\"wp-block-cover alignfull is-light\" style=\"min-height:797px;aspect-ratio:unset;\"><span aria-hidden=\"true\" class=\"has-background-dim-0 wp-block-cover__gradient-background has-background-dim\"><\/span><img loading=\"lazy\" decoding=\"async\" width=\"960\" height=\"800\" class=\"wp-block-cover__image-background wp-image-1218\" alt=\"\" src=\"http:\/\/lasercitymexico.com\/wp-content\/uploads\/2022\/02\/0518ptnativealphaleadimage960.jpg\" style=\"object-position:47% 32%\" data-object-fit=\"cover\" data-object-position=\"47% 32%\" srcset=\"https:\/\/lasercitymexico.com\/wp-content\/uploads\/2022\/02\/0518ptnativealphaleadimage960.jpg 960w, https:\/\/lasercitymexico.com\/wp-content\/uploads\/2022\/02\/0518ptnativealphaleadimage960-600x500.jpg 600w, https:\/\/lasercitymexico.com\/wp-content\/uploads\/2022\/02\/0518ptnativealphaleadimage960-300x250.jpg 300w, https:\/\/lasercitymexico.com\/wp-content\/uploads\/2022\/02\/0518ptnativealphaleadimage960-768x640.jpg 768w\" sizes=\"auto, (max-width: 960px) 100vw, 960px\" \/><div class=\"wp-block-cover__inner-container is-layout-flow wp-block-cover-is-layout-flow\">\n<div class=\"wp-block-columns is-layout-flex wp-container-core-columns-is-layout-9d6595d7 wp-block-columns-is-layout-flex\">\n<div class=\"wp-block-column is-layout-flow wp-block-column-is-layout-flow\">\n<h2 class=\"has-ast-global-color-4-color has-text-color wp-block-heading\" id=\"party-wears\">Maquinaria nueva<\/h2>\n\n\n\n<p class=\"has-ast-global-color-5-color has-text-color\" style=\"font-size:22px\"><strong>Excelente calidad<\/strong><\/p>\n\n\n\n<div class=\"wp-block-buttons is-layout-flex wp-block-buttons-is-layout-flex\"><\/div>\n<\/div>\n\n\n\n<div class=\"wp-block-column is-layout-flow wp-block-column-is-layout-flow\"><\/div>\n<\/div>\n<\/div><\/div>\n\n\n\n<div class=\"wp-block-group alignfull has-ast-global-color-4-background-color has-background is-layout-flow wp-block-group-is-layout-flow\"><div class=\"wp-block-group__inner-container\">\n<div class=\"wp-block-columns is-layout-flex wp-container-core-columns-is-layout-9d6595d7 wp-block-columns-is-layout-flex\">\n<div class=\"wp-block-column is-layout-flow wp-block-column-is-layout-flow\" style=\"flex-basis:60%\">\n<figure class=\"wp-block-image size-full\"><img loading=\"lazy\" decoding=\"async\" width=\"402\" height=\"603\" src=\"http:\/\/lasercitymexico.com\/wp-content\/uploads\/2022\/02\/Portable-Marking-Machine-1.jpg\" alt=\"\" class=\"wp-image-1229\" srcset=\"https:\/\/lasercitymexico.com\/wp-content\/uploads\/2022\/02\/Portable-Marking-Machine-1.jpg 402w, https:\/\/lasercitymexico.com\/wp-content\/uploads\/2022\/02\/Portable-Marking-Machine-1-200x300.jpg 200w\" sizes=\"auto, (max-width: 402px) 100vw, 402px\" \/><\/figure>\n<\/div>\n\n\n\n<div class=\"wp-block-column is-vertically-aligned-center is-layout-flow wp-block-column-is-layout-flow\" style=\"flex-basis:40%\">\n<h3 class=\"wp-block-heading\" id=\"new-arrivals\">M\u00e1quina de grabado l\u00e1ser de fibra<\/h3>\n\n\n\n<h3 class=\"wp-block-heading\" id=\"luce-elegance-long-sleeve-dress-collection\">Estructura combinada<\/h3>\n\n\n\n<div class=\"wp-block-buttons is-layout-flex wp-block-buttons-is-layout-flex\">\n<div class=\"wp-block-button is-style-outline is-style-outline--1\"><a class=\"wp-block-button__link\" rel=\"#\">Shop The Collection<\/a><\/div>\n<\/div>\n<\/div>\n<\/div>\n\n\n\n<div class=\"wp-block-columns is-layout-flex wp-container-core-columns-is-layout-9d6595d7 wp-block-columns-is-layout-flex\">\n<div class=\"wp-block-column is-layout-flow wp-block-column-is-layout-flow\" style=\"flex-basis:60%\">\n<figure class=\"wp-block-gallery has-nested-images columns-default is-cropped wp-block-gallery-2 is-layout-flex wp-block-gallery-is-layout-flex\">\n<figure class=\"wp-block-image size-large\"><img loading=\"lazy\" decoding=\"async\" width=\"988\" height=\"1024\" data-id=\"1240\" src=\"https:\/\/lasercitymexico.com\/wp-content\/uploads\/2022\/03\/Split-Marking-Machine-988x1024.jpg\" alt=\"\" class=\"wp-image-1240\" srcset=\"https:\/\/lasercitymexico.com\/wp-content\/uploads\/2022\/03\/Split-Marking-Machine-988x1024.jpg 988w, https:\/\/lasercitymexico.com\/wp-content\/uploads\/2022\/03\/Split-Marking-Machine-289x300.jpg 289w, https:\/\/lasercitymexico.com\/wp-content\/uploads\/2022\/03\/Split-Marking-Machine-768x796.jpg 768w, https:\/\/lasercitymexico.com\/wp-content\/uploads\/2022\/03\/Split-Marking-Machine-600x622.jpg 600w, https:\/\/lasercitymexico.com\/wp-content\/uploads\/2022\/03\/Split-Marking-Machine.jpg 1447w\" sizes=\"auto, (max-width: 988px) 100vw, 988px\" \/><\/figure>\n<\/figure>\n<\/div>\n\n\n\n<div class=\"wp-block-column is-vertically-aligned-center is-layout-flow wp-block-column-is-layout-flow\" style=\"flex-basis:40%\">\n<h3 class=\"wp-block-heading\" id=\"new-arrivals\">M\u00e1quina de grabado l\u00e1ser de fibra<\/h3>\n\n\n\n<h3 class=\"wp-block-heading\" id=\"luce-elegance-long-sleeve-dress-collection\">Estructura bipartida<\/h3>\n\n\n\n<div class=\"wp-block-buttons is-layout-flex wp-block-buttons-is-layout-flex\">\n<div class=\"wp-block-button is-style-outline is-style-outline--3\"><a class=\"wp-block-button__link\" rel=\"#\">Shop The Collection<\/a><\/div>\n<\/div>\n<\/div>\n<\/div>\n<\/div><\/div>\n\n\n\n<div class=\"wp-block-group alignfull has-ast-global-color-5-background-color has-background is-layout-flow wp-block-group-is-layout-flow\"><div class=\"wp-block-group__inner-container\">\n<div class=\"wp-block-columns is-layout-flex wp-container-core-columns-is-layout-9d6595d7 wp-block-columns-is-layout-flex\">\n<div class=\"wp-block-column is-layout-flow wp-block-column-is-layout-flow\"><\/div>\n<\/div>\n<\/div><\/div>\n\n\n\n<div class=\"wp-block-group alignfull has-ast-global-color-5-background-color has-background is-layout-flow wp-block-group-is-layout-flow\"><div class=\"wp-block-group__inner-container\">\n<div class=\"wp-block-columns is-layout-flex wp-container-core-columns-is-layout-9d6595d7 wp-block-columns-is-layout-flex\">\n<div class=\"wp-block-column is-layout-flow wp-block-column-is-layout-flow\"><\/div>\n<\/div>\n<\/div><\/div>\n\n\n\n<div class=\"wp-block-group alignfull has-ast-global-color-4-background-color has-background is-layout-flow wp-block-group-is-layout-flow\"><div class=\"wp-block-group__inner-container\">\n<div class=\"wp-block-columns is-layout-flex wp-container-core-columns-is-layout-9d6595d7 wp-block-columns-is-layout-flex\">\n<div class=\"wp-block-column is-layout-flow wp-block-column-is-layout-flow\"><\/div>\n<\/div>\n<\/div><\/div>\n\n\n\n<div class=\"wp-block-cover alignfull is-light\" style=\"min-height:475px;aspect-ratio:unset;\"><span aria-hidden=\"true\" class=\"has-ast-global-color-2-background-color has-background-dim-40 wp-block-cover__gradient-background has-background-dim\"><\/span><img loading=\"lazy\" decoding=\"async\" width=\"1920\" height=\"480\" class=\"wp-block-cover__image-background wp-image-73\" alt=\"\" src=\"http:\/\/lasercitymexico.com\/wp-content\/uploads\/2021\/07\/fashion-designer-template-cta-bg-img.jpg\" data-object-fit=\"cover\" srcset=\"https:\/\/lasercitymexico.com\/wp-content\/uploads\/2021\/07\/fashion-designer-template-cta-bg-img.jpg 1920w, https:\/\/lasercitymexico.com\/wp-content\/uploads\/2021\/07\/fashion-designer-template-cta-bg-img-600x150.jpg 600w, https:\/\/lasercitymexico.com\/wp-content\/uploads\/2021\/07\/fashion-designer-template-cta-bg-img-300x75.jpg 300w, https:\/\/lasercitymexico.com\/wp-content\/uploads\/2021\/07\/fashion-designer-template-cta-bg-img-1024x256.jpg 1024w, https:\/\/lasercitymexico.com\/wp-content\/uploads\/2021\/07\/fashion-designer-template-cta-bg-img-768x192.jpg 768w, https:\/\/lasercitymexico.com\/wp-content\/uploads\/2021\/07\/fashion-designer-template-cta-bg-img-1536x384.jpg 1536w\" sizes=\"auto, (max-width: 1920px) 100vw, 1920px\" \/><div class=\"wp-block-cover__inner-container is-layout-flow wp-block-cover-is-layout-flow\">\n<h6 class=\"has-text-align-center has-ast-global-color-4-color has-text-color wp-block-heading\" id=\"special-offers\">Special Offers<\/h6>\n\n\n\n<h2 class=\"has-text-align-center has-ast-global-color-4-color has-text-color wp-block-heading\" id=\"up-to-30-off\">Up to 30% OFF<\/h2>\n\n\n\n<div class=\"wp-block-buttons is-horizontal is-content-justification-center is-layout-flex wp-container-core-buttons-is-layout-499968f5 wp-block-buttons-is-layout-flex\">\n<div class=\"wp-block-button is-style-fill\"><a class=\"wp-block-button__link has-ast-global-color-3-color has-ast-global-color-5-background-color has-text-color has-background\" rel=\"#\">Shop Now<\/a><\/div>\n<\/div>\n<\/div><\/div>\n\n\n\n<div class=\"wp-block-group alignfull has-ast-global-color-5-background-color has-background is-layout-flow wp-block-group-is-layout-flow\"><div class=\"wp-block-group__inner-container\">\n<div class=\"wp-block-columns is-layout-flex wp-container-core-columns-is-layout-9d6595d7 wp-block-columns-is-layout-flex\">\n<div class=\"wp-block-column is-layout-flow wp-block-column-is-layout-flow\">\n<h6 class=\"wp-block-heading\" id=\"latest-from-the-blog\">LATEST FROM THE BLOG<\/h6>\n<\/div>\n\n\n\n<div class=\"wp-block-column is-layout-flow wp-block-column-is-layout-flow\">\n<div class=\"wp-block-buttons is-horizontal is-content-justification-right is-layout-flex wp-container-core-buttons-is-layout-ae2fe186 wp-block-buttons-is-layout-flex\">\n<div class=\"wp-block-button is-style-outline is-style-outline--4\"><a class=\"wp-block-button__link\">View All<\/a><\/div>\n<\/div>\n<\/div>\n<\/div>\n\n\n\n<div class=\"wp-block-columns is-layout-flex wp-container-core-columns-is-layout-9d6595d7 wp-block-columns-is-layout-flex\">\n<div class=\"wp-block-column is-layout-flow wp-block-column-is-layout-flow\">\n<figure class=\"wp-block-image size-full\"><a href=\"#\"><img loading=\"lazy\" decoding=\"async\" width=\"388\" height=\"300\" src=\"http:\/\/lasercitymexico.com\/wp-content\/uploads\/2021\/07\/fashion-designer-template-blog-featured-img-3.jpg\" alt=\"\" class=\"wp-image-86\" srcset=\"https:\/\/lasercitymexico.com\/wp-content\/uploads\/2021\/07\/fashion-designer-template-blog-featured-img-3.jpg 388w, https:\/\/lasercitymexico.com\/wp-content\/uploads\/2021\/07\/fashion-designer-template-blog-featured-img-3-300x232.jpg 300w\" sizes=\"auto, (max-width: 388px) 100vw, 388px\" \/><\/a><\/figure>\n\n\n\n<h4 class=\"wp-block-heading\" id=\"ultrices-scelerisque-nibh-in-malesuada\">Ultrices scelerisque nibh in malesuada<\/h4>\n\n\n\n<p>Vel aenean id lacus, nec volutpat purus tempor lacus, egestas libero adipiscing venenatis cras egestas enim.<\/p>\n<\/div>\n\n\n\n<div class=\"wp-block-column is-layout-flow wp-block-column-is-layout-flow\">\n<figure class=\"wp-block-image size-full\"><img loading=\"lazy\" decoding=\"async\" width=\"388\" height=\"300\" src=\"http:\/\/lasercitymexico.com\/wp-content\/uploads\/2021\/07\/fashion-designer-template-blog-featured-img-2.jpg\" alt=\"\" class=\"wp-image-85\" srcset=\"https:\/\/lasercitymexico.com\/wp-content\/uploads\/2021\/07\/fashion-designer-template-blog-featured-img-2.jpg 388w, https:\/\/lasercitymexico.com\/wp-content\/uploads\/2021\/07\/fashion-designer-template-blog-featured-img-2-300x232.jpg 300w\" sizes=\"auto, (max-width: 388px) 100vw, 388px\" \/><\/figure>\n\n\n\n<h4 class=\"wp-block-heading\" id=\"placerat-mollis-congue-mauris-pulvinar\"><a href=\"#\"><\/a>Placerat mollis congue mauris pulvinar<\/h4>\n\n\n\n<p>Suscipit urna, leo aliquam pretium urna duis gravida proin tristique ullamcorper ornare ut mauris varius pellentesque.<\/p>\n<\/div>\n\n\n\n<div class=\"wp-block-column is-layout-flow wp-block-column-is-layout-flow\">\n<figure class=\"wp-block-image size-full\"><img loading=\"lazy\" decoding=\"async\" width=\"388\" height=\"300\" src=\"http:\/\/lasercitymexico.com\/wp-content\/uploads\/2021\/07\/fashion-designer-template-blog-featured-img-1.jpg\" alt=\"\" class=\"wp-image-84\" srcset=\"https:\/\/lasercitymexico.com\/wp-content\/uploads\/2021\/07\/fashion-designer-template-blog-featured-img-1.jpg 388w, https:\/\/lasercitymexico.com\/wp-content\/uploads\/2021\/07\/fashion-designer-template-blog-featured-img-1-300x232.jpg 300w\" sizes=\"auto, (max-width: 388px) 100vw, 388px\" \/><\/figure>\n\n\n\n<h4 class=\"wp-block-heading\" id=\"gravida-sed-varius-id\"><a href=\"#\"><\/a>Gravida sed varius id<\/h4>\n\n\n\n<p>Vel aenean id lacus, nec volutpat purus tempor lacus, egestas libero adipiscing venenatis cras egestas enim.<\/p>\n<\/div>\n<\/div>\n<\/div><\/div>\n\n\n\n<div class=\"wp-block-group alignfull has-ast-global-color-4-background-color has-background is-layout-flow wp-block-group-is-layout-flow\"><div class=\"wp-block-group__inner-container\">\n<div class=\"wp-block-columns is-layout-flex wp-container-core-columns-is-layout-9d6595d7 wp-block-columns-is-layout-flex\">\n<div class=\"wp-block-column is-layout-flow wp-block-column-is-layout-flow\" style=\"flex-basis:30%\">\n<div class=\"wp-block-uagb-info-box uagb-infobox__outer-wrap uagb-block-c07ea2ba\"><div class=\"uagb-infobox__content-wrap uagb-infobox uagb-infobox-has-icon uagb-infobox-icon-above-title uagb-infobox-image-valign-top uagb-infobox-enable-border-radius \"><div class=\"uagb-ifb-left-right-wrap\"><div class=\"uagb-ifb-content\"><div class=\"uagb-ifb-image-icon-content uagb-ifb-imgicon-wrap\"><div class=\"uagb-ifb-icon-wrap\"><span class=\"uagb-ifb-icon\"><svg xmlns=\"http:\/\/www.w3.org\/2000\/svg\" viewbox=\"0 0 512 512\"><path d=\"M511.9 175c-9.1-75.6-78.4-132.4-158.3-158.7C390 55.7 416 116.9 416 192h28.1L327.5 321.5c-2.5-.6-4.8-1.5-7.5-1.5h-48V192h112C384 76.8 315.1 0 256 0S128 76.8 128 192h112v128h-48c-2.7 0-5 .9-7.5 1.5L67.9 192H96c0-75.1 26-136.3 62.4-175.7C78.5 42.7 9.2 99.5.1 175c-1.1 9.1 6.8 17 16 17h8.7l136.7 151.9c-.7 2.6-1.6 5.2-1.6 8.1v128c0 17.7 14.3 32 32 32h128c17.7 0 32-14.3 32-32V352c0-2.9-.9-5.4-1.6-8.1L487.1 192h8.7c9.3 0 17.2-7.8 16.1-17z\"><\/path><\/svg><\/span><\/div><\/div><div class=\"uagb-ifb-title-wrap\"><h6 class=\"uagb-ifb-title\">60 Days Return<\/h6><\/div><div class=\"uagb-ifb-text-wrap\"><p class=\"uagb-ifb-desc\">Ultrices dolor massa dui curabitur.<\/p><\/div><\/div><\/div><\/div><\/div>\n<\/div>\n\n\n\n<div class=\"wp-block-column is-layout-flow wp-block-column-is-layout-flow\" style=\"flex-basis:30%\">\n<div class=\"wp-block-uagb-info-box uagb-infobox__outer-wrap uagb-block-3d6e62f4\"><div class=\"uagb-infobox__content-wrap uagb-infobox uagb-infobox-has-icon uagb-infobox-icon-above-title uagb-infobox-image-valign-top uagb-infobox-enable-border-radius \"><div class=\"uagb-ifb-left-right-wrap\"><div class=\"uagb-ifb-content\"><div class=\"uagb-ifb-image-icon-content uagb-ifb-imgicon-wrap\"><div class=\"uagb-ifb-icon-wrap\"><span class=\"uagb-ifb-icon\"><svg xmlns=\"http:\/\/www.w3.org\/2000\/svg\" viewbox=\"0 0 640 512\"><path d=\"M624 352h-16V243.9c0-12.7-5.1-24.9-14.1-33.9L494 110.1c-9-9-21.2-14.1-33.9-14.1H416V48c0-26.5-21.5-48-48-48H48C21.5 0 0 21.5 0 48v320c0 26.5 21.5 48 48 48h16c0 53 43 96 96 96s96-43 96-96h128c0 53 43 96 96 96s96-43 96-96h48c8.8 0 16-7.2 16-16v-32c0-8.8-7.2-16-16-16zM160 464c-26.5 0-48-21.5-48-48s21.5-48 48-48 48 21.5 48 48-21.5 48-48 48zm320 0c-26.5 0-48-21.5-48-48s21.5-48 48-48 48 21.5 48 48-21.5 48-48 48zm80-208H416V144h44.1l99.9 99.9V256z\"><\/path><\/svg><\/span><\/div><\/div><div class=\"uagb-ifb-title-wrap\"><h6 class=\"uagb-ifb-title\">Free Shipping<\/h6><\/div><div class=\"uagb-ifb-text-wrap\"><p class=\"uagb-ifb-desc\">Ultrices dolor massa dui curabitur.<\/p><\/div><\/div><\/div><\/div><\/div>\n<\/div>\n\n\n\n<div class=\"wp-block-column is-layout-flow wp-block-column-is-layout-flow\" style=\"flex-basis:40%\">\n<h5 class=\"wp-block-heading\" id=\"newsletter-sign-up\">Newsletter Sign Up<\/h5>\n\n\n<!-- WPForms: no fields, form hidden --><\/div>\n<\/div>\n<\/div><\/div>\n","protected":false},"excerpt":{"rendered":"<p>M\u00e1quina de grabado l\u00e1ser de fibra Estructura combinada M\u00e1quina de grabado l\u00e1ser de fibra Estructura bipartida LATEST FROM THE BLOG Ultrices scelerisque nibh in malesuada Vel aenean id lacus, nec volutpat purus tempor lacus, egestas libero adipiscing venenatis cras egestas enim. Placerat mollis congue mauris pulvinar Suscipit urna, leo aliquam pretium urna duis gravida proin &hellip;<\/p>\n<p class=\"read-more\"> <a class=\"\" href=\"https:\/\/lasercitymexico.com\/\"> <span class=\"screen-reader-text\">Home<\/span> Leer m\u00e1s &raquo;<\/a><\/p>\n","protected":false},"author":1,"featured_media":0,"parent":0,"menu_order":0,"comment_status":"closed","ping_status":"closed","template":"","meta":{"om_disable_all_campaigns":false,"_monsterinsights_skip_tracking":false,"_monsterinsights_sitenote_active":false,"_monsterinsights_sitenote_note":"","_monsterinsights_sitenote_category":0,"site-sidebar-layout":"no-sidebar","site-content-layout":"plain-container","ast-main-header-display":"","ast-hfb-above-header-display":"","ast-hfb-below-header-display":"","ast-hfb-mobile-header-display":"","site-post-title":"disabled","ast-breadcrumbs-content":"","ast-featured-img":"disabled","footer-sml-layout":"","theme-transparent-header-meta":"default","adv-header-id-meta":"","stick-header-meta":"","header-above-stick-meta":"","header-main-stick-meta":"","header-below-stick-meta":"","footnotes":""},"class_list":["post-1007","page","type-page","status-publish","hentry"],"uagb_featured_image_src":{"full":false,"thumbnail":false,"medium":false,"medium_large":false,"large":false,"1536x1536":false,"2048x2048":false,"woocommerce_thumbnail":false,"woocommerce_single":false,"woocommerce_gallery_thumbnail":false,"shop_catalog":false,"shop_single":false,"shop_thumbnail":false},"uagb_author_info":{"display_name":"antonio.nava.lcq@gmail.com","author_link":"https:\/\/lasercitymexico.com\/?author=1"},"uagb_comment_info":0,"uagb_excerpt":"M\u00e1quina de grabado l\u00e1ser de fibra Estructura combinada M\u00e1quina de grabado l\u00e1ser de fibra Estructura bipartida LATEST FROM THE BLOG Ultrices scelerisque nibh in malesuada Vel aenean id lacus, nec volutpat purus tempor lacus, egestas libero adipiscing venenatis cras egestas enim. Placerat mollis congue mauris pulvinar Suscipit urna, leo aliquam pretium urna duis gravida proin&hellip;","_links":{"self":[{"href":"https:\/\/lasercitymexico.com\/index.php?rest_route=\/wp\/v2\/pages\/1007","targetHints":{"allow":["GET"]}}],"collection":[{"href":"https:\/\/lasercitymexico.com\/index.php?rest_route=\/wp\/v2\/pages"}],"about":[{"href":"https:\/\/lasercitymexico.com\/index.php?rest_route=\/wp\/v2\/types\/page"}],"author":[{"embeddable":true,"href":"https:\/\/lasercitymexico.com\/index.php?rest_route=\/wp\/v2\/users\/1"}],"replies":[{"embeddable":true,"href":"https:\/\/lasercitymexico.com\/index.php?rest_route=%2Fwp%2Fv2%2Fcomments&post=1007"}],"version-history":[{"count":8,"href":"https:\/\/lasercitymexico.com\/index.php?rest_route=\/wp\/v2\/pages\/1007\/revisions"}],"predecessor-version":[{"id":1247,"href":"https:\/\/lasercitymexico.com\/index.php?rest_route=\/wp\/v2\/pages\/1007\/revisions\/1247"}],"wp:attachment":[{"href":"https:\/\/lasercitymexico.com\/index.php?rest_route=%2Fwp%2Fv2%2Fmedia&parent=1007"}],"curies":[{"name":"wp","href":"https:\/\/api.w.org\/{rel}","templated":true}]}}